{"id":3015,"date":"2023-12-20T15:58:45","date_gmt":"2023-12-20T14:58:45","guid":{"rendered":"https:\/\/gijon.touristic.es\/quienes-somos\/"},"modified":"2024-02-12T10:32:04","modified_gmt":"2024-02-12T09:32:04","slug":"quem-somos","status":"publish","type":"page","link":"https:\/\/gijon.touristic.es\/pt-pt\/quem-somos\/","title":{"rendered":"Quem somos"},"content":{"rendered":"<p>[vc_row padding_bottom_multiplier=&#8221;3x&#8221; columns_gap=&#8221;50&#8243;][vc_column width=&#8221;1\/2&#8243;][vc_column_text css=&#8221;.vc_custom_1707728714828{margin-bottom: 2rem !important;}&#8221;]<strong>ASSOCIA\u00c7\u00c3O DE LOJAS SUSTENT\u00c1VEIS<\/strong><\/p>\n<p>\u00abGij\u00f3n de Compras\u00bb oferece rotas e itiner\u00e1rios tematizados de compras sustent\u00e1veis na \u00e1rea delimitada de aflu\u00eancia tur\u00edstica de Gij\u00f3n\/Xix\u00f3n.<\/p>\n<p>Estas rotas permitem combinar as compras com o descobrimento dos recursos tur\u00edsticos e monumentais da cidade de uma forma amig\u00e1vel, onde encontrar lojas singulares, \u00abcom alma\u00bb, que se convertem em paragens imprescind\u00edveis para comprar alimentos das Ast\u00farias, pastelaria tradicional e produtos com identidade pr\u00f3pria.<\/p>\n<p>Com a sua atividade, estas lojas contribuem para manter viva a personalidade de Gij\u00f3n\/Xix\u00f3n, mostrar a sua diferen\u00e7a e a sua particular idiossincrasia.<\/p>\n<p>Nestas rotas podemos encontrar lojas que nos oferecem todo o tipo de produtos, desde gastron\u00f3micos at\u00e9 culturais, passando por pequenos estabelecimentos de artesanato local e lojas de design e moda. Os produtos \u00abgulosos\u00bb dos pasteleiros com as pr\u00f3prias padarias e geladarias artesanais onde se pode descobrir o lado mais doce da cidade.<\/p>\n<p>Todas as lojas participantes contam com o distintivo \u00abBiosphere Committed\u00bb que apoia o compromisso de aplicar boas pr\u00e1ticas sustent\u00e1veis nos seus estabelecimentos, destacando a dedica\u00e7\u00e3o em contribuir para um turismo mais respons\u00e1vel e amigo do ambiente.[\/vc_column_text]<div class=\"grve-element grve-box-icon grve-large grve-top-icon grve-align-center\" style=\"\"><div class=\"grve-image-icon\"><img loading=\"lazy\" decoding=\"async\" width=\"379\" height=\"114\" src=\"https:\/\/gijon.touristic.es\/wp-content\/uploads\/2024\/02\/logoBiosphereSustainalbe-2.png\" class=\"attachment-full size-full\" alt=\"\" srcset=\"https:\/\/gijon.touristic.es\/wp-content\/uploads\/2024\/02\/logoBiosphereSustainalbe-2.png 379w, https:\/\/gijon.touristic.es\/wp-content\/uploads\/2024\/02\/logoBiosphereSustainalbe-2-300x90.png 300w\" sizes=\"(max-width: 379px) 100vw, 379px\" \/><\/div><div class=\"grve-box-content\"><div class=\"grve-box-title-wrapper\"><div class=\"grve-box-title grve-h5\">Biosphere Committed + Pr\u00e1ticas Sustent\u00e1veis<\/div><\/div><\/div><\/div>[\/vc_column][vc_column width=&#8221;1\/2&#8243;][movedo_single_image image=&#8221;217&#8243;][\/vc_column][\/vc_row][vc_row disable_element=&#8221;yes&#8221;][vc_column][movedo_title heading_tag=&#8221;h2&#8243; heading=&#8221;h2&#8243; align=&#8221;center&#8221;]Comercios[\/movedo_title][movedo_gallery ids=&#8221;259,224,223,226,225,238,260,234,233,230,229,232,261,240,239,236,235,222&#8243; gallery_mode=&#8221;carousel&#8221; item_gutter=&#8221;no&#8221; items_per_page=&#8221;5&#8243; items_tablet_landscape=&#8221;4&#8243; navigation_type=&#8221;0&#8243; carousel_pagination=&#8221;yes&#8221; el_class=&#8221;c-carrusel-comercios&#8221;][\/movedo_gallery][\/vc_column][\/vc_row]<\/p>\n","protected":false},"excerpt":{"rendered":"<p>[vc_row padding_bottom_multiplier=&#8221;3x&#8221; columns_gap=&#8221;50&#8243;][vc_column width=&#8221;1\/2&#8243;][vc_column_text css=&#8221;.vc_custom_1707728714828{margin-bottom: 2rem !important;}&#8221;]ASSOCIA\u00c7\u00c3O DE LOJAS SUSTENT\u00c1VEIS \u00abGij\u00f3n de Compras\u00bb oferece rotas e itiner\u00e1rios tematizados de compras sustent\u00e1veis na \u00e1rea delimitada de aflu\u00eancia tur\u00edstica de Gij\u00f3n\/Xix\u00f3n. Estas rotas permitem combinar as compras com o descobrimento dos recursos tur\u00edsticos e monumentais da cidade de uma forma amig\u00e1vel, onde encontrar lojas singulares, \u00abcom alma\u00bb, [&hellip;]<\/p>\n","protected":false},"author":2,"featured_media":0,"parent":0,"menu_order":0,"comment_status":"closed","ping_status":"closed","template":"","meta":{"footnotes":""},"acf":[],"_links":{"self":[{"href":"https:\/\/gijon.touristic.es\/pt-pt\/wp-json\/wp\/v2\/pages\/3015"}],"collection":[{"href":"https:\/\/gijon.touristic.es\/pt-pt\/wp-json\/wp\/v2\/pages"}],"about":[{"href":"https:\/\/gijon.touristic.es\/pt-pt\/wp-json\/wp\/v2\/types\/page"}],"author":[{"embeddable":true,"href":"https:\/\/gijon.touristic.es\/pt-pt\/wp-json\/wp\/v2\/users\/2"}],"replies":[{"embeddable":true,"href":"https:\/\/gijon.touristic.es\/pt-pt\/wp-json\/wp\/v2\/comments?post=3015"}],"version-history":[{"count":3,"href":"https:\/\/gijon.touristic.es\/pt-pt\/wp-json\/wp\/v2\/pages\/3015\/revisions"}],"predecessor-version":[{"id":3315,"href":"https:\/\/gijon.touristic.es\/pt-pt\/wp-json\/wp\/v2\/pages\/3015\/revisions\/3315"}],"wp:attachment":[{"href":"https:\/\/gijon.touristic.es\/pt-pt\/wp-json\/wp\/v2\/media?parent=3015"}],"curies":[{"name":"wp","href":"https:\/\/api.w.org\/{rel}","templated":true}]}}