{"id":2922,"date":"2023-12-20T15:58:45","date_gmt":"2023-12-20T14:58:45","guid":{"rendered":"https:\/\/gijon.touristic.es\/quienes-somos\/"},"modified":"2024-02-12T09:53:05","modified_gmt":"2024-02-12T08:53:05","slug":"qui-sommes-nous","status":"publish","type":"page","link":"https:\/\/gijon.touristic.es\/fr\/qui-sommes-nous\/","title":{"rendered":"Qui sommes-nous"},"content":{"rendered":"<p>[vc_row padding_bottom_multiplier=&#8221;3x&#8221; columns_gap=&#8221;50&#8243;][vc_column width=&#8221;1\/2&#8243;][vc_column_text css=&#8221;.vc_custom_1707728598299{margin-bottom: 2rem !important;}&#8221;]<strong>ASSOCIATION DES COMMERCES DURABLES<\/strong><\/p>\n<p>\u00abGij\u00f3n de Compras\u00bb propose des itin\u00e9raires shopping durables et th\u00e9matiques dans la zone d\u2019affluence touristique d\u00e9finie de Gij\u00f3n\/Xix\u00f3n.<\/p>\n<p>Ces itin\u00e9raires permettent de combiner le shopping avec la d\u00e9couverte des ressources touristiques et monumentales de la ville de mani\u00e8re conviviale. On peut retrouver des boutiques uniques, avec une \u00e2me, qui deviennent des arr\u00eats incontournables pour acheter des produits des Asturies, des p\u00e2tisseries traditionnelles et des produits avec leur propre identit\u00e9.<\/p>\n<p>Ces commerces contribuent, par leur activit\u00e9, \u00e0 maintenir la personnalit\u00e9 de Gij\u00f3n\/Xix\u00f3n vivante, \u00e0 montrer sa diff\u00e9rence et son idiosyncrasie particuli\u00e8re.<\/p>\n<p>Sur ces itin\u00e9raires, on peut trouver des commerces proposant toutes sortes de produits, de la gastronomie \u00e0 la culture, en passant par les petites entreprises artisanales locales et les boutiques de cr\u00e9ateurs et de mode. On peut souligner les produits &#8220;gourmands&#8221; des confiseurs avec leurs propres boulangeries et les glaciers artisanaux qui vous permettent de d\u00e9couvrir le c\u00f4t\u00e9 le plus sucr\u00e9 de la ville.<\/p>\n<p>Tous les commerces participants ont re\u00e7u le label &#8220;Biosphere Committed&#8221;, qui atteste de leur engagement \u00e0 appliquer de bonnes pratiques durables dans leurs \u00e9tablissements, soulignant ainsi leur volont\u00e9 de contribuer \u00e0 un tourisme plus responsable et respectueux de l\u2019environnement.[\/vc_column_text]<div class=\"grve-element grve-box-icon grve-large grve-top-icon grve-align-center\" style=\"\"><div class=\"grve-image-icon\"><img loading=\"lazy\" decoding=\"async\" width=\"379\" height=\"114\" src=\"https:\/\/gijon.touristic.es\/wp-content\/uploads\/2024\/02\/logoBiosphereSustainalbe-2.png\" class=\"attachment-full size-full\" alt=\"\" srcset=\"https:\/\/gijon.touristic.es\/wp-content\/uploads\/2024\/02\/logoBiosphereSustainalbe-2.png 379w, https:\/\/gijon.touristic.es\/wp-content\/uploads\/2024\/02\/logoBiosphereSustainalbe-2-300x90.png 300w\" sizes=\"(max-width: 379px) 100vw, 379px\" \/><\/div><div class=\"grve-box-content\"><div class=\"grve-box-title-wrapper\"><div class=\"grve-box-title grve-h5\">Biosphere Committed + Pratiques durables<\/div><\/div><\/div><\/div>[\/vc_column][vc_column width=&#8221;1\/2&#8243;][movedo_single_image image=&#8221;217&#8243;][\/vc_column][\/vc_row][vc_row disable_element=&#8221;yes&#8221;][vc_column][movedo_title heading_tag=&#8221;h2&#8243; heading=&#8221;h2&#8243; align=&#8221;center&#8221;]Comercios[\/movedo_title][movedo_gallery ids=&#8221;259,224,223,226,225,238,260,234,233,230,229,232,261,240,239,236,235,222&#8243; gallery_mode=&#8221;carousel&#8221; item_gutter=&#8221;no&#8221; items_per_page=&#8221;5&#8243; items_tablet_landscape=&#8221;4&#8243; navigation_type=&#8221;0&#8243; carousel_pagination=&#8221;yes&#8221; el_class=&#8221;c-carrusel-comercios&#8221;][\/movedo_gallery][\/vc_column][\/vc_row]<\/p>\n","protected":false},"excerpt":{"rendered":"<p>[vc_row padding_bottom_multiplier=&#8221;3x&#8221; columns_gap=&#8221;50&#8243;][vc_column width=&#8221;1\/2&#8243;][vc_column_text css=&#8221;.vc_custom_1707728598299{margin-bottom: 2rem !important;}&#8221;]ASSOCIATION DES COMMERCES DURABLES \u00abGij\u00f3n de Compras\u00bb propose des itin\u00e9raires shopping durables et th\u00e9matiques dans la zone d\u2019affluence touristique d\u00e9finie de Gij\u00f3n\/Xix\u00f3n. Ces itin\u00e9raires permettent de combiner le shopping avec la d\u00e9couverte des ressources touristiques et monumentales de la ville de mani\u00e8re conviviale. On peut retrouver des boutiques uniques, [&hellip;]<\/p>\n","protected":false},"author":2,"featured_media":0,"parent":0,"menu_order":0,"comment_status":"closed","ping_status":"closed","template":"","meta":{"footnotes":""},"acf":[],"_links":{"self":[{"href":"https:\/\/gijon.touristic.es\/fr\/wp-json\/wp\/v2\/pages\/2922"}],"collection":[{"href":"https:\/\/gijon.touristic.es\/fr\/wp-json\/wp\/v2\/pages"}],"about":[{"href":"https:\/\/gijon.touristic.es\/fr\/wp-json\/wp\/v2\/types\/page"}],"author":[{"embeddable":true,"href":"https:\/\/gijon.touristic.es\/fr\/wp-json\/wp\/v2\/users\/2"}],"replies":[{"embeddable":true,"href":"https:\/\/gijon.touristic.es\/fr\/wp-json\/wp\/v2\/comments?post=2922"}],"version-history":[{"count":3,"href":"https:\/\/gijon.touristic.es\/fr\/wp-json\/wp\/v2\/pages\/2922\/revisions"}],"predecessor-version":[{"id":3314,"href":"https:\/\/gijon.touristic.es\/fr\/wp-json\/wp\/v2\/pages\/2922\/revisions\/3314"}],"wp:attachment":[{"href":"https:\/\/gijon.touristic.es\/fr\/wp-json\/wp\/v2\/media?parent=2922"}],"curies":[{"name":"wp","href":"https:\/\/api.w.org\/{rel}","templated":true}]}}