{"id":2489,"date":"2023-12-20T15:58:45","date_gmt":"2023-12-20T14:58:45","guid":{"rendered":"https:\/\/gijon.touristic.es\/quienes-somos\/"},"modified":"2024-02-12T09:48:48","modified_gmt":"2024-02-12T08:48:48","slug":"quien-somos","status":"publish","type":"page","link":"https:\/\/gijon.touristic.es\/ast-es\/quien-somos\/","title":{"rendered":"Qui\u00e9n somos"},"content":{"rendered":"<p>[vc_row padding_bottom_multiplier=&#8221;3x&#8221; columns_gap=&#8221;50&#8243;][vc_column width=&#8221;1\/2&#8243;][vc_column_text css=&#8221;.vc_custom_1707728377972{margin-bottom: 2rem !important;}&#8221;]\u00abXix\u00f3n de Compres\u00bb ufre rutes y itinerarios tematizaos de compres sostenibles dientro de la fastera marcada d\u2019afluencia tur\u00edstica de Xix\u00f3n.<\/p>\n<p>Estes rutes permiten combinar les compres col descubrimientu de los recursos tur\u00edsticos y monumentales de la ciud\u00e1 d\u2019una forma amigable, au poder alcontrar comercios singulares, \u201ccon alma\u201d, que se convierten en paraes imprescindibles pa mercar alimentos d\u2019Asturies, reposter\u00eda tradicional, y productos con identid\u00e1 propia.<\/p>\n<p>Estos comercios contrib\u00fain cola so activid\u00e1 a caltener viva la personalid\u00e1 de Xix\u00f3n, a amosar la so diferencia y la so idiosincrasia particular.<\/p>\n<p>Nestes rutes podemos alcontrar comercios que nos ufierten toa triba de productos, dende gastron\u00f3micos hasta culturales pasando per peque\u00f1os negocios d\u2019artesan\u00eda llocal y tiendes de dise\u00f1u y moda. Destaquen los productos \u00abllambiones\u00bb de confiter\u00edes con obrador propiu y xelader\u00edes artesanes au poder descubrir la parte m\u00e1s duce de la ciud\u00e1.<\/p>\n<p>Tolos comercios participantes cuenten col distintivu \u00abBiosphere Committed\u00bb qu\u2019avala\u2019l so compromisu d\u2019aplicar bones pr\u00e1ctiques sostenibles nos sos establecimientos destacando la so dedicaci\u00f3n pa contribuyir a un turismu m\u00e1s responsable y respetuoso cola redolada.[\/vc_column_text]<div class=\"grve-element grve-box-icon grve-large grve-top-icon grve-align-center\" style=\"\"><div class=\"grve-image-icon\"><img loading=\"lazy\" decoding=\"async\" width=\"379\" height=\"114\" src=\"https:\/\/gijon.touristic.es\/wp-content\/uploads\/2024\/02\/logoBiosphereSustainalbe-2.png\" class=\"attachment-full size-full\" alt=\"\" srcset=\"https:\/\/gijon.touristic.es\/wp-content\/uploads\/2024\/02\/logoBiosphereSustainalbe-2.png 379w, https:\/\/gijon.touristic.es\/wp-content\/uploads\/2024\/02\/logoBiosphereSustainalbe-2-300x90.png 300w\" sizes=\"(max-width: 379px) 100vw, 379px\" \/><\/div><div class=\"grve-box-content\"><div class=\"grve-box-title-wrapper\"><div class=\"grve-box-title grve-h5\">Biosphere Committed + pr\u00e1ctiques sostenibles<\/div><\/div><\/div><\/div>[\/vc_column][vc_column width=&#8221;1\/2&#8243;][movedo_single_image image=&#8221;217&#8243;][\/vc_column][\/vc_row][vc_row disable_element=&#8221;yes&#8221;][vc_column][movedo_title heading_tag=&#8221;h2&#8243; heading=&#8221;h2&#8243; align=&#8221;center&#8221;]Comercios[\/movedo_title][movedo_gallery ids=&#8221;259,224,223,226,225,238,260,234,233,230,229,232,261,240,239,236,235,222&#8243; gallery_mode=&#8221;carousel&#8221; item_gutter=&#8221;no&#8221; items_per_page=&#8221;5&#8243; items_tablet_landscape=&#8221;4&#8243; navigation_type=&#8221;0&#8243; carousel_pagination=&#8221;yes&#8221; el_class=&#8221;c-carrusel-comercios&#8221;][\/movedo_gallery][\/vc_column][\/vc_row]<\/p>\n","protected":false},"excerpt":{"rendered":"<p>[vc_row padding_bottom_multiplier=&#8221;3x&#8221; columns_gap=&#8221;50&#8243;][vc_column width=&#8221;1\/2&#8243;][vc_column_text css=&#8221;.vc_custom_1707728377972{margin-bottom: 2rem !important;}&#8221;]\u00abXix\u00f3n de Compres\u00bb ufre rutes y itinerarios tematizaos de compres sostenibles dientro de la fastera marcada d\u2019afluencia tur\u00edstica de Xix\u00f3n. Estes rutes permiten combinar les compres col descubrimientu de los recursos tur\u00edsticos y monumentales de la ciud\u00e1 d\u2019una forma amigable, au poder alcontrar comercios singulares, \u201ccon alma\u201d, que se [&hellip;]<\/p>\n","protected":false},"author":2,"featured_media":0,"parent":0,"menu_order":0,"comment_status":"closed","ping_status":"closed","template":"","meta":{"footnotes":""},"acf":[],"_links":{"self":[{"href":"https:\/\/gijon.touristic.es\/ast-es\/wp-json\/wp\/v2\/pages\/2489"}],"collection":[{"href":"https:\/\/gijon.touristic.es\/ast-es\/wp-json\/wp\/v2\/pages"}],"about":[{"href":"https:\/\/gijon.touristic.es\/ast-es\/wp-json\/wp\/v2\/types\/page"}],"author":[{"embeddable":true,"href":"https:\/\/gijon.touristic.es\/ast-es\/wp-json\/wp\/v2\/users\/2"}],"replies":[{"embeddable":true,"href":"https:\/\/gijon.touristic.es\/ast-es\/wp-json\/wp\/v2\/comments?post=2489"}],"version-history":[{"count":3,"href":"https:\/\/gijon.touristic.es\/ast-es\/wp-json\/wp\/v2\/pages\/2489\/revisions"}],"predecessor-version":[{"id":3310,"href":"https:\/\/gijon.touristic.es\/ast-es\/wp-json\/wp\/v2\/pages\/2489\/revisions\/3310"}],"wp:attachment":[{"href":"https:\/\/gijon.touristic.es\/ast-es\/wp-json\/wp\/v2\/media?parent=2489"}],"curies":[{"name":"wp","href":"https:\/\/api.w.org\/{rel}","templated":true}]}}